{"id":2917,"date":"2025-08-19T04:34:56","date_gmt":"2025-08-19T04:34:56","guid":{"rendered":"https:\/\/germopower.de\/?page_id=2917"},"modified":"2026-01-19T08:57:06","modified_gmt":"2026-01-19T08:57:06","slug":"imprint","status":"publish","type":"page","link":"https:\/\/germopower.de\/de\/imprint\/","title":{"rendered":"Impressum"},"content":{"rendered":"<div data-elementor-type=\"wp-page\" data-elementor-id=\"2917\" class=\"elementor elementor-2917\">\n\t\t\t\t<div class=\"elementor-element elementor-element-bfc1b72 e-flex e-con-boxed e-con e-parent\" data-id=\"bfc1b72\" data-element_type=\"container\" data-e-type=\"container\" data-settings=\"{&quot;background_background&quot;:&quot;classic&quot;}\">\n\t\t\t\t\t<div class=\"e-con-inner\">\n\t\t<div class=\"elementor-element elementor-element-0aecd2e e-con-full e-flex e-con e-child\" data-id=\"0aecd2e\" data-element_type=\"container\" data-e-type=\"container\">\n\t\t\t\t<div class=\"elementor-element elementor-element-a1fbfc2 elementor-widget elementor-widget-heading\" data-id=\"a1fbfc2\" data-element_type=\"widget\" data-e-type=\"widget\" data-widget_type=\"heading.default\">\n\t\t\t\t<div class=\"elementor-widget-container\">\n\t\t\t\t\t<h1 class=\"elementor-heading-title elementor-size-default\">Impressum<\/h1>\t\t\t\t<\/div>\n\t\t\t\t<\/div>\n\t\t\t\t<\/div>\n\t\t<div class=\"elementor-element elementor-element-1a8e136 e-con-full e-flex e-con e-child\" data-id=\"1a8e136\" data-element_type=\"container\" data-e-type=\"container\">\n\t\t\t\t<\/div>\n\t\t\t\t\t<\/div>\n\t\t\t\t<\/div>\n\t\t<div class=\"elementor-element elementor-element-380085f e-flex e-con-boxed e-con e-parent\" data-id=\"380085f\" data-element_type=\"container\" data-e-type=\"container\">\n\t\t\t\t\t<div class=\"e-con-inner\">\n\t\t\t\t<div class=\"elementor-element elementor-element-d14f49e elementor-widget elementor-widget-text-editor\" data-id=\"d14f49e\" data-element_type=\"widget\" data-e-type=\"widget\" data-widget_type=\"text-editor.default\">\n\t\t\t\t<div class=\"elementor-widget-container\">\n\t\t\t\t\t\t\t\t\t<section id=\"imprint\"><h2>Impressum \/ Rechtliche Hinweise<\/h2><p><strong>Company Name: <\/strong>GermoPower GmbH<\/p><p class=\"translation-block\"><strong>Adresse:<\/strong> Karlstal 14, 24143 Kiel, Deutschland<\/p><p><strong>Telefon:<\/strong> +49 176 31351661<\/p><p><strong>E-Mail:<\/strong> <a href=\"mailto:info@germopower.de\">info@germopower.de<\/a><\/p><p><strong>Represented by:<\/strong> Vertreten durch: Emre Batkitar<\/p><p><strong>USt.ID: DE364785089<\/strong><\/p><p><strong>EORI ID:<\/strong> DE404409673338535<\/p><h3>Haftungsausschluss<\/h3><h4>Haftung f\u00fcr Inhalte<\/h4><p>Der Inhalt unserer Website wurde mit gr\u00f6\u00dfter Sorgfalt erstellt. Wir k\u00f6nnen jedoch keine Gew\u00e4hr f\u00fcr die Richtigkeit, Vollst\u00e4ndigkeit und Aktualit\u00e4t der Inhalte \u00fcbernehmen. Als Diensteanbieter sind wir gem\u00e4\u00df \u00a7 7 Abs. 1 DDG f\u00fcr eigene Inhalte auf diesen Seiten nach den allgemeinen Gesetzen verantwortlich. Nach \u00a7\u00a7 8 bis 10 DDG sind wir jedoch nicht verpflichtet, \u00fcbermittelte oder gespeicherte fremde Informationen zu \u00fcberwachen oder nach Umst\u00e4nden zu forschen, die auf eine rechtswidrige T\u00e4tigkeit hinweisen. Verpflichtungen zur Entfernung oder Sperrung der Nutzung von Informationen nach den allgemeinen Gesetzen bleiben davon unber\u00fchrt. Eine diesbez\u00fcgliche Haftung ist jedoch erst ab dem Zeitpunkt der Kenntnis einer konkreten Rechtsverletzung m\u00f6glich. Bei Bekanntwerden von entsprechenden Rechtsverletzungen werden wir diese Inhalte umgehend entfernen.<\/p><h4>Haftung f\u00fcr Links<\/h4><p>Unsere Website enth\u00e4lt Links zu externen Websites Dritter. Wir haben keinen Einfluss auf den Inhalt dieser Seiten und k\u00f6nnen daher keine Haftung daf\u00fcr \u00fcbernehmen. F\u00fcr den Inhalt der verlinkten Seiten ist stets der jeweilige Anbieter oder Betreiber verantwortlich. Zum Zeitpunkt der Verlinkung wurden die verlinkten Seiten auf m\u00f6gliche Rechtsverst\u00f6\u00dfe \u00fcberpr\u00fcft. Rechtswidrige Inhalte waren zum Zeitpunkt der Verlinkung nicht erkennbar. Eine permanente \u00dcberwachung der verlinkten Seiten ist jedoch ohne konkrete Anhaltspunkte f\u00fcr eine Rechtsverletzung nicht zumutbar. Bei Bekanntwerden von Rechtsverletzungen werden wir derartige Links umgehend entfernen.<\/p><h3>Urheberrecht<\/h3><p>Die durch die Seitenbetreiber erstellten Inhalte und Werke auf diesen Seiten unterliegen dem deutschen Urheberrecht. Die Vervielf\u00e4ltigung, Bearbeitung, Verbreitung und jede Art der Verwertung au\u00dferhalb der Grenzen des Urheberrechtes bed\u00fcrfen der schriftlichen Zustimmung des jeweiligen Autors bzw. Erstellers. Downloads und Kopien dieser Seite sind nur f\u00fcr den privaten, nicht kommerziellen Gebrauch gestattet. Soweit die Inhalte auf dieser Seite nicht vom Betreiber erstellt wurden, werden die Urheberrechte Dritter beachtet und entsprechend gekennzeichnet. Sollten Sie dennoch eine Urheberrechtsverletzung feststellen, bitten wir um einen entsprechenden Hinweis. Bei Bekanntwerden werden wir solche Inhalte umgehend entfernen.<\/p><h3>Datenschutz<\/h3><p>Die Nutzung unserer Website ist in der Regel ohne Angabe personenbezogener Daten m\u00f6glich. Soweit auf unseren Seiten personenbezogene Daten (beispielsweise Name, Anschrift oder E-Mail-Adressen) erhoben werden, erfolgt dies, soweit m\u00f6glich, stets auf freiwilliger Basis. Diese Daten werden ohne Ihre ausdr\u00fcckliche Zustimmung nicht an Dritte weitergegeben.<\/p><p>Bitte beachten Sie, dass die Daten\u00fcbertragung \u00fcber das Internet (z. B. Kommunikation per E-Mail) Sicherheitsl\u00fccken aufweisen kann. Ein vollst\u00e4ndiger Schutz der Daten vor dem Zugriff durch Dritte ist nicht m\u00f6glich.<\/p><p>Wir widersprechen ausdr\u00fccklich der Nutzung der im Rahmen der Impressumspflicht ver\u00f6ffentlichten Kontaktdaten zur \u00dcbersendung von nicht ausdr\u00fccklich angeforderter Werbung und Informationsmaterialien. Die Betreiber der Seiten behalten sich ausdr\u00fccklich rechtliche Schritte im Falle der unverlangten Zusendung von Werbeinformationen, etwa durch Spam-E-Mails, vor.<\/p><h3>Google Analytics<\/h3><p>Diese Website benutzt Google Analytics, einen Webanalysedienst der Google Inc. (\u201eGoogle\u201c). Google Analytics verwendet sog. \u201eCookies\u201c, Textdateien, die auf Ihrem Computer gespeichert werden und die eine Analyse der Benutzung der Website durch Sie erm\u00f6glichen. Die durch den Cookie erzeugten Informationen \u00fcber Ihre Benutzung dieser Website (einschlie\u00dflich Ihrer IP-Adresse) werden an einen Server von Google in den USA \u00fcbertragen und dort gespeichert.<\/p><p>Google verwendet diese Informationen, um Ihre Nutzung der Website auszuwerten, Berichte \u00fcber die Websiteaktivit\u00e4ten f\u00fcr die Websitebetreiber zu erstellen und weitere mit der Website- und Internetnutzung verbundene Dienstleistungen zu erbringen. Google kann diese Informationen auch an Dritte weitergeben, wenn dies gesetzlich vorgeschrieben ist oder wenn Dritte diese Daten im Auftrag von Google verarbeiten. Google wird Ihre IP-Adresse nicht mit anderen Daten von Google in Verbindung bringen.<\/p><p>Sie k\u00f6nnen die Installation von Cookies durch eine entsprechende Einstellung Ihrer Browser-Software verhindern. Dies kann jedoch zu Funktionseinschr\u00e4nkungen dieser Website f\u00fchren. Durch die Nutzung dieser Website erkl\u00e4ren Sie sich mit der Bearbeitung der \u00fcber Sie erhobenen Daten durch Google in der zuvor beschriebenen Art und Weise und zu dem zuvor benannten Zweck einverstanden.<\/p><h3>Google AdSense<\/h3><p>Diese Website nutzt Google AdSense, einen Web-Werbedienst der Google Inc., USA (\u201eGoogle\u201c). Google AdSense verwendet \u201eCookies\u201c und \u201eWeb Beacons\u201c (unsichtbare Grafiken), um Informationen zu sammeln. Diese Tools helfen bei der Analyse der Website-Nutzung und des Besucheraufkommens.<\/p><p>The information generated by cookies and\/or web beacons (including your IP address) is transmitted to and stored on a Google server in the USA. Google uses this data to evaluate your use of the website in relation to ads, compile reports for website operators, and provide other services related to internet usage. Google may also transfer this data to third parties if required by law or if third parties process this data on behalf of Google. Google will not associate your IP address with other data held by Google.<\/p><p>Sie k\u00f6nnen die Speicherung von Cookies und Web Beacons verhindern, indem Sie Ihre Browsereinstellungen so anpassen, dass Cookies abgelehnt werden. Dies kann jedoch die volle Funktionalit\u00e4t der Website einschr\u00e4nken. Durch die Nutzung dieser Website erkl\u00e4ren Sie sich mit der Verarbeitung Ihrer Daten durch Google in der oben beschriebenen Weise und zu den oben genannten Zwecken einverstanden.<\/p><\/section>\t\t\t\t\t\t\t\t<\/div>\n\t\t\t\t<\/div>\n\t\t\t\t\t<\/div>\n\t\t\t\t<\/div>\n\t\t\t\t<\/div>","protected":false},"excerpt":{"rendered":"<p>Imprint Imprint \/ Legal Disclosure Company Name: GermoPower GmbH Address: Karlstal 14, 24143 Kiel, Germany Phone: +49 176 31351661 Email: info@germopower.de Represented by: Emre Batkitar VAT ID: DE364785089 EORI ID: DE404409673338535 Disclaimer Liability for Content The content of our website has been created with the utmost care. However, we cannot guarantee the accuracy, completeness, or [&hellip;]<\/p>\n","protected":false},"author":1,"featured_media":0,"parent":0,"menu_order":0,"comment_status":"closed","ping_status":"closed","template":"","meta":{"_uag_custom_page_level_css":"","site-sidebar-layout":"no-sidebar","site-content-layout":"page-builder","ast-site-content-layout":"full-width-container","site-content-style":"default","site-sidebar-style":"default","ast-global-header-display":"","ast-banner-title-visibility":"","ast-main-header-display":"","ast-hfb-above-header-display":"","ast-hfb-below-header-display":"","ast-hfb-mobile-header-display":"","site-post-title":"disabled","ast-breadcrumbs-content":"","ast-featured-img":"disabled","footer-sml-layout":"","ast-disable-related-posts":"","theme-transparent-header-meta":"","adv-header-id-meta":"","stick-header-meta":"","header-above-stick-meta":"","header-main-stick-meta":"","header-below-stick-meta":"","astra-migrate-meta-layouts":"set","ast-page-background-enabled":"default","ast-page-background-meta":{"desktop":{"background-color":"","background-image":"","background-repeat":"repeat","background-position":"center center","background-size":"auto","background-attachment":"scroll","background-type":"","background-media":"","overlay-type":"","overlay-color":"","overlay-opacity":"","overlay-gradient":""},"tablet":{"background-color":"","background-image":"","background-repeat":"repeat","background-position":"center center","background-size":"auto","background-attachment":"scroll","background-type":"","background-media":"","overlay-type":"","overlay-color":"","overlay-opacity":"","overlay-gradient":""},"mobile":{"background-color":"","background-image":"","background-repeat":"repeat","background-position":"center center","background-size":"auto","background-attachment":"scroll","background-type":"","background-media":"","overlay-type":"","overlay-color":"","overlay-opacity":"","overlay-gradient":""}},"ast-content-background-meta":{"desktop":{"background-color":"var(--ast-global-color-5)","background-image":"","background-repeat":"repeat","background-position":"center center","background-size":"auto","background-attachment":"scroll","background-type":"","background-media":"","overlay-type":"","overlay-color":"","overlay-opacity":"","overlay-gradient":""},"tablet":{"background-color":"var(--ast-global-color-5)","background-image":"","background-repeat":"repeat","background-position":"center center","background-size":"auto","background-attachment":"scroll","background-type":"","background-media":"","overlay-type":"","overlay-color":"","overlay-opacity":"","overlay-gradient":""},"mobile":{"background-color":"var(--ast-global-color-5)","background-image":"","background-repeat":"repeat","background-position":"center center","background-size":"auto","background-attachment":"scroll","background-type":"","background-media":"","overlay-type":"","overlay-color":"","overlay-opacity":"","overlay-gradient":""}},"footnotes":""},"class_list":["post-2917","page","type-page","status-publish","hentry"],"uagb_featured_image_src":{"full":false,"thumbnail":false,"medium":false,"medium_large":false,"large":false,"1536x1536":false,"2048x2048":false,"trp-custom-language-flag":false},"uagb_author_info":{"display_name":"admin","author_link":"https:\/\/germopower.de\/de\/author\/admin\/"},"uagb_comment_info":0,"uagb_excerpt":"Imprint Imprint \/ Legal Disclosure Company Name: GermoPower GmbH Address: Karlstal 14, 24143 Kiel, Germany Phone: +49 176 31351661 Email: info@germopower.de Represented by: Emre Batkitar VAT ID: DE364785089 EORI ID: DE404409673338535 Disclaimer Liability for Content The content of our website has been created with the utmost care. However, we cannot guarantee the accuracy, completeness, or&hellip;","_links":{"self":[{"href":"https:\/\/germopower.de\/de\/wp-json\/wp\/v2\/pages\/2917","targetHints":{"allow":["GET"]}}],"collection":[{"href":"https:\/\/germopower.de\/de\/wp-json\/wp\/v2\/pages"}],"about":[{"href":"https:\/\/germopower.de\/de\/wp-json\/wp\/v2\/types\/page"}],"author":[{"embeddable":true,"href":"https:\/\/germopower.de\/de\/wp-json\/wp\/v2\/users\/1"}],"replies":[{"embeddable":true,"href":"https:\/\/germopower.de\/de\/wp-json\/wp\/v2\/comments?post=2917"}],"version-history":[{"count":16,"href":"https:\/\/germopower.de\/de\/wp-json\/wp\/v2\/pages\/2917\/revisions"}],"predecessor-version":[{"id":3085,"href":"https:\/\/germopower.de\/de\/wp-json\/wp\/v2\/pages\/2917\/revisions\/3085"}],"wp:attachment":[{"href":"https:\/\/germopower.de\/de\/wp-json\/wp\/v2\/media?parent=2917"}],"curies":[{"name":"wp","href":"https:\/\/api.w.org\/{rel}","templated":true}]}}