{"id":2903,"date":"2025-08-19T04:10:09","date_gmt":"2025-08-19T04:10:09","guid":{"rendered":"https:\/\/germopower.de\/?page_id=2903"},"modified":"2025-11-08T13:38:02","modified_gmt":"2025-11-08T13:38:02","slug":"terms-and-conditions","status":"publish","type":"page","link":"https:\/\/germopower.de\/de\/terms-and-conditions\/","title":{"rendered":"Terms and Conditions"},"content":{"rendered":"<div data-elementor-type=\"wp-page\" data-elementor-id=\"2903\" class=\"elementor elementor-2903\">\n\t\t\t\t<div class=\"elementor-element elementor-element-4eb1b45 e-flex e-con-boxed e-con e-parent\" data-id=\"4eb1b45\" data-element_type=\"container\" data-e-type=\"container\" data-settings=\"{&quot;background_background&quot;:&quot;classic&quot;}\">\n\t\t\t\t\t<div class=\"e-con-inner\">\n\t\t<div class=\"elementor-element elementor-element-6683e06 e-con-full e-flex e-con e-child\" data-id=\"6683e06\" data-element_type=\"container\" data-e-type=\"container\">\n\t\t\t\t<div class=\"elementor-element elementor-element-6663149 elementor-widget elementor-widget-heading\" data-id=\"6663149\" data-element_type=\"widget\" data-e-type=\"widget\" data-widget_type=\"heading.default\">\n\t\t\t\t<div class=\"elementor-widget-container\">\n\t\t\t\t\t<h1 class=\"elementor-heading-title elementor-size-default\">Allgemeine Gesch\u00e4ftsbedingungen<\/h1>\t\t\t\t<\/div>\n\t\t\t\t<\/div>\n\t\t\t\t<\/div>\n\t\t<div class=\"elementor-element elementor-element-deb081b e-con-full elementor-hidden-mobile e-flex e-con e-child\" data-id=\"deb081b\" data-element_type=\"container\" data-e-type=\"container\">\n\t\t\t\t<\/div>\n\t\t\t\t\t<\/div>\n\t\t\t\t<\/div>\n\t\t<div class=\"elementor-element elementor-element-e4843ab e-flex e-con-boxed e-con e-parent\" data-id=\"e4843ab\" data-element_type=\"container\" data-e-type=\"container\">\n\t\t\t\t\t<div class=\"e-con-inner\">\n\t\t\t\t<div class=\"elementor-element elementor-element-864bcbb elementor-widget elementor-widget-text-editor\" data-id=\"864bcbb\" data-element_type=\"widget\" data-e-type=\"widget\" data-widget_type=\"text-editor.default\">\n\t\t\t\t<div class=\"elementor-widget-container\">\n\t\t\t\t\t\t\t\t\t<p><strong>Terms and Conditions<\/strong><br \/>Effective Date: August 18, 2025<br \/><strong>Company Name<\/strong>: GermoPower GmbH<br \/><strong>Registered Address<\/strong>: Karlstal 14, 24143 Kiel, Germany<br \/>Contact: info@germopower.de | +49 910-737-9595<\/p><p class=\"translation-block\"><strong>1. Annahme der Bedingungen<\/strong><br>Durch den Zugriff auf diese Website oder deren Nutzung erkl\u00e4ren Sie sich mit diesen Nutzungsbedingungen und allen geltenden Gesetzen und Vorschriften einverstanden. Wenn Sie damit nicht einverstanden sind, sehen Sie bitte von der Nutzung der Website ab.<\/p><p class=\"translation-block\"><strong>2. Produkte und Dienstleistungen<\/strong><br>GermoPower bietet HC-synthetische Motor\u00f6le und verwandte Produkte f\u00fcr gewerbliche und industrielle Anwendungen an. Produktspezifikationen, Zertifizierungen und Kompatibilit\u00e4tsinformationen dienen nur als allgemeine Richtlinie und k\u00f6nnen ohne vorherige Ank\u00fcndigung ge\u00e4ndert werden.<\/p><p class=\"translation-block\"><strong>3. Keine Gew\u00e4hrleistung und Haftungsausschluss<\/strong><br>Alle Produkte und Informationen auf dieser Website werden \u201ewie besehen\u201c und \u201ewie verf\u00fcgbar\u201c ohne jegliche ausdr\u00fcckliche oder stillschweigende Gew\u00e4hrleistung bereitgestellt. GermoPower lehnt jegliche Gew\u00e4hrleistung ab, einschlie\u00dflich, aber nicht beschr\u00e4nkt auf:<\/p><p class=\"translation-block\">Marktg\u00e4ngigkeit<br>Eignung f\u00fcr einen bestimmten Zweck<br>Nichtverletzung von Rechten Dritter<br>Richtigkeit oder Vollst\u00e4ndigkeit der Produktdaten<br>GermoPower \u00fcbernimmt keine Gew\u00e4hr daf\u00fcr, dass die Produkte bestimmte Leistungserwartungen erf\u00fcllen oder lokalen Vorschriften au\u00dferhalb der OEM-Zertifizierungen entsprechen.<\/p><p class=\"translation-block\"><strong>4. Haftungsbeschr\u00e4nkung<\/strong><br>Soweit gesetzlich zul\u00e4ssig, haften GermoPower und SH BAU GmbH nicht f\u00fcr direkte, indirekte, zuf\u00e4llige, Folge- oder Strafsch\u00e4den, die sich aus folgenden Gr\u00fcnden ergeben:<\/p><p class=\"translation-block\">Verwendung oder Missbrauch von Produkten<br>Verlass auf Produktspezifikationen oder technische Daten<br>Zugriff auf die Website oder Unm\u00f6glichkeit des Zugriffs<br>Fehler oder Auslassungen im Inhalt<br>Diese Einschr\u00e4nkung gilt auch dann, wenn GermoPower auf die M\u00f6glichkeit solcher Sch\u00e4den hingewiesen wurde.<\/p><p class=\"translation-block\"><strong>5. Geistiges Eigentum<\/strong><br>Alle Inhalte, Marken, Logos und Produktnamen auf dieser Website sind Eigentum von GermoPower oder seinen Lizenzgebern und d\u00fcrfen ohne vorherige schriftliche Zustimmung nicht verwendet werden.<\/p><p class=\"translation-block\"><strong>6. Links zu Websites Dritter<\/strong><br>Diese Website kann Links zu Websites Dritter enthalten. GermoPower ist nicht f\u00fcr den Inhalt oder die Praktiken dieser externen Websites verantwortlich.<\/p><p class=\"translation-block\"><strong>7. Anwendbares Recht<\/strong><br>Diese Bedingungen unterliegen deutschem Recht und sind entsprechend auszulegen, ohne Ber\u00fccksichtigung der Bestimmungen zum Kollisionsrecht. F\u00fcr alle Streitigkeiten sind ausschlie\u00dflich die Gerichte in Kiel, Deutschland, zust\u00e4ndig.<\/p><p class=\"translation-block\"><strong>8. \u00c4nderungen<\/strong><br>GermoPower beh\u00e4lt sich das Recht vor, diese Bedingungen jederzeit zu \u00e4ndern. Die fortgesetzte Nutzung der Website nach \u00c4nderungen gilt als Zustimmung zu den aktualisierten Bedingungen.<\/p>\t\t\t\t\t\t\t\t<\/div>\n\t\t\t\t<\/div>\n\t\t\t\t\t<\/div>\n\t\t\t\t<\/div>\n\t\t\t\t<\/div>","protected":false},"excerpt":{"rendered":"<p>Terms &amp; conditions Terms and ConditionsEffective Date: August 18, 2025Company Name: GermoPower GmbHRegistered Address: Karlstal 14, 24143 Kiel, GermanyContact: info@germopower.de | +49 910-737-9595 1. Acceptance of TermsBy accessing or using this website, you agree to be bound by these Terms and Conditions and all applicable laws and regulations. If you do not agree, please refrain [&hellip;]<\/p>\n","protected":false},"author":1,"featured_media":0,"parent":0,"menu_order":0,"comment_status":"closed","ping_status":"closed","template":"","meta":{"_uag_custom_page_level_css":"","site-sidebar-layout":"no-sidebar","site-content-layout":"page-builder","ast-site-content-layout":"full-width-container","site-content-style":"default","site-sidebar-style":"default","ast-global-header-display":"","ast-banner-title-visibility":"","ast-main-header-display":"","ast-hfb-above-header-display":"","ast-hfb-below-header-display":"","ast-hfb-mobile-header-display":"","site-post-title":"disabled","ast-breadcrumbs-content":"","ast-featured-img":"disabled","footer-sml-layout":"","ast-disable-related-posts":"","theme-transparent-header-meta":"","adv-header-id-meta":"","stick-header-meta":"","header-above-stick-meta":"","header-main-stick-meta":"","header-below-stick-meta":"","astra-migrate-meta-layouts":"set","ast-page-background-enabled":"default","ast-page-background-meta":{"desktop":{"background-color":"","background-image":"","background-repeat":"repeat","background-position":"center center","background-size":"auto","background-attachment":"scroll","background-type":"","background-media":"","overlay-type":"","overlay-color":"","overlay-opacity":"","overlay-gradient":""},"tablet":{"background-color":"","background-image":"","background-repeat":"repeat","background-position":"center center","background-size":"auto","background-attachment":"scroll","background-type":"","background-media":"","overlay-type":"","overlay-color":"","overlay-opacity":"","overlay-gradient":""},"mobile":{"background-color":"","background-image":"","background-repeat":"repeat","background-position":"center center","background-size":"auto","background-attachment":"scroll","background-type":"","background-media":"","overlay-type":"","overlay-color":"","overlay-opacity":"","overlay-gradient":""}},"ast-content-background-meta":{"desktop":{"background-color":"var(--ast-global-color-5)","background-image":"","background-repeat":"repeat","background-position":"center center","background-size":"auto","background-attachment":"scroll","background-type":"","background-media":"","overlay-type":"","overlay-color":"","overlay-opacity":"","overlay-gradient":""},"tablet":{"background-color":"var(--ast-global-color-5)","background-image":"","background-repeat":"repeat","background-position":"center center","background-size":"auto","background-attachment":"scroll","background-type":"","background-media":"","overlay-type":"","overlay-color":"","overlay-opacity":"","overlay-gradient":""},"mobile":{"background-color":"var(--ast-global-color-5)","background-image":"","background-repeat":"repeat","background-position":"center center","background-size":"auto","background-attachment":"scroll","background-type":"","background-media":"","overlay-type":"","overlay-color":"","overlay-opacity":"","overlay-gradient":""}},"footnotes":""},"class_list":["post-2903","page","type-page","status-publish","hentry"],"uagb_featured_image_src":{"full":false,"thumbnail":false,"medium":false,"medium_large":false,"large":false,"1536x1536":false,"2048x2048":false,"trp-custom-language-flag":false},"uagb_author_info":{"display_name":"admin","author_link":"https:\/\/germopower.de\/de\/author\/admin\/"},"uagb_comment_info":0,"uagb_excerpt":"Terms &amp; conditions Terms and ConditionsEffective Date: August 18, 2025Company Name: GermoPower GmbHRegistered Address: Karlstal 14, 24143 Kiel, GermanyContact: info@germopower.de | +49 910-737-9595 1. Acceptance of TermsBy accessing or using this website, you agree to be bound by these Terms and Conditions and all applicable laws and regulations. If you do not agree, please refrain&hellip;","_links":{"self":[{"href":"https:\/\/germopower.de\/de\/wp-json\/wp\/v2\/pages\/2903","targetHints":{"allow":["GET"]}}],"collection":[{"href":"https:\/\/germopower.de\/de\/wp-json\/wp\/v2\/pages"}],"about":[{"href":"https:\/\/germopower.de\/de\/wp-json\/wp\/v2\/types\/page"}],"author":[{"embeddable":true,"href":"https:\/\/germopower.de\/de\/wp-json\/wp\/v2\/users\/1"}],"replies":[{"embeddable":true,"href":"https:\/\/germopower.de\/de\/wp-json\/wp\/v2\/comments?post=2903"}],"version-history":[{"count":13,"href":"https:\/\/germopower.de\/de\/wp-json\/wp\/v2\/pages\/2903\/revisions"}],"predecessor-version":[{"id":3057,"href":"https:\/\/germopower.de\/de\/wp-json\/wp\/v2\/pages\/2903\/revisions\/3057"}],"wp:attachment":[{"href":"https:\/\/germopower.de\/de\/wp-json\/wp\/v2\/media?parent=2903"}],"curies":[{"name":"wp","href":"https:\/\/api.w.org\/{rel}","templated":true}]}}